{"id":226,"date":"2018-05-14T07:16:55","date_gmt":"2018-05-14T07:16:55","guid":{"rendered":"http:\/\/mas-nrw.de\/?page_id=226"},"modified":"2019-04-09T18:05:02","modified_gmt":"2019-04-09T18:05:02","slug":"automobilaufbereitung","status":"publish","type":"page","link":"https:\/\/mas-nrw.de\/index.php\/automobilaufbereitung\/","title":{"rendered":"Automobilaufbereitung"},"content":{"rendered":"\t\t<div data-elementor-type=\"wp-post\" data-elementor-id=\"226\" class=\"elementor elementor-226\">\n\t\t\t\t\t\t<section class=\"elementor-section elementor-top-section elementor-element elementor-element-6ea873eb elementor-section-full_width elementor-section-stretched elementor-section-content-top elementor-section-height-default elementor-section-height-default\" data-id=\"6ea873eb\" data-element_type=\"section\" data-e-type=\"section\" data-settings=\"{&quot;background_background&quot;:&quot;classic&quot;,&quot;stretch_section&quot;:&quot;section-stretched&quot;}\">\n\t\t\t\t\t\t\t<div class=\"elementor-background-overlay\"><\/div>\n\t\t\t\t\t\t\t<div class=\"elementor-container elementor-column-gap-wider\">\n\t\t\t\t\t<div class=\"elementor-column elementor-col-100 elementor-top-column elementor-element elementor-element-3c0684c0\" data-id=\"3c0684c0\" data-element_type=\"column\" data-e-type=\"column\">\n\t\t\t<div class=\"elementor-widget-wrap elementor-element-populated\">\n\t\t\t\t\t\t<div class=\"elementor-element elementor-element-bf99d3d elementor-widget elementor-widget-spacer\" data-id=\"bf99d3d\" data-element_type=\"widget\" data-e-type=\"widget\" data-widget_type=\"spacer.default\">\n\t\t\t\t<div class=\"elementor-widget-container\">\n\t\t\t\t\t\t\t<div class=\"elementor-spacer\">\n\t\t\t<div class=\"elementor-spacer-inner\"><\/div>\n\t\t<\/div>\n\t\t\t\t\t\t<\/div>\n\t\t\t\t<\/div>\n\t\t\t\t\t<\/div>\n\t\t<\/div>\n\t\t\t\t\t<\/div>\n\t\t<\/section>\n\t\t\t\t<section class=\"elementor-section elementor-top-section elementor-element elementor-element-36a9bda elementor-section-boxed elementor-section-height-default elementor-section-height-default\" data-id=\"36a9bda\" data-element_type=\"section\" data-e-type=\"section\">\n\t\t\t\t\t\t<div class=\"elementor-container elementor-column-gap-default\">\n\t\t\t\t\t<div class=\"elementor-column elementor-col-100 elementor-top-column elementor-element elementor-element-01cf358\" data-id=\"01cf358\" data-element_type=\"column\" data-e-type=\"column\">\n\t\t\t<div class=\"elementor-widget-wrap elementor-element-populated\">\n\t\t\t\t\t\t<div class=\"elementor-element elementor-element-dae1107 elementor-widget elementor-widget-spacer\" data-id=\"dae1107\" data-element_type=\"widget\" data-e-type=\"widget\" data-widget_type=\"spacer.default\">\n\t\t\t\t<div class=\"elementor-widget-container\">\n\t\t\t\t\t\t\t<div class=\"elementor-spacer\">\n\t\t\t<div class=\"elementor-spacer-inner\"><\/div>\n\t\t<\/div>\n\t\t\t\t\t\t<\/div>\n\t\t\t\t<\/div>\n\t\t\t\t<div class=\"elementor-element elementor-element-2b53681 elementor-widget elementor-widget-heading\" data-id=\"2b53681\" data-element_type=\"widget\" data-e-type=\"widget\" data-widget_type=\"heading.default\">\n\t\t\t\t<div class=\"elementor-widget-container\">\n\t\t\t\t\t<h2 class=\"elementor-heading-title elementor-size-xl\">Automobilaufbereitung<\/h2>\t\t\t\t<\/div>\n\t\t\t\t<\/div>\n\t\t\t\t\t<\/div>\n\t\t<\/div>\n\t\t\t\t\t<\/div>\n\t\t<\/section>\n\t\t\t\t<section class=\"elementor-section elementor-top-section elementor-element elementor-element-e9494f6 elementor-section-boxed elementor-section-height-default elementor-section-height-default\" data-id=\"e9494f6\" data-element_type=\"section\" data-e-type=\"section\">\n\t\t\t\t\t\t<div class=\"elementor-container elementor-column-gap-default\">\n\t\t\t\t\t<div class=\"elementor-column elementor-col-100 elementor-top-column elementor-element elementor-element-56dd864\" data-id=\"56dd864\" data-element_type=\"column\" data-e-type=\"column\">\n\t\t\t<div class=\"elementor-widget-wrap elementor-element-populated\">\n\t\t\t\t\t\t<div class=\"elementor-element elementor-element-b256124 elementor-widget elementor-widget-text-editor\" data-id=\"b256124\" data-element_type=\"widget\" data-e-type=\"widget\" data-widget_type=\"text-editor.default\">\n\t\t\t\t<div class=\"elementor-widget-container\">\n\t\t\t\t\t\t\t\t\t<p>Bei <strong>MAS<\/strong> erwartet sie eine umfangreiche und kompetente Beratung und Unterst\u00fctzung zur Behebung ihres Anliegens, egal ob Klein oder Gro\u00df.<br \/>Durch hohe Flexibilit\u00e4t sind wir immer in der Lage jeden unserer Kunden jederzeit und \u00fcberall mit unser Leistungssprektrum zu helfen. Eine Grundhaltung, die uns in dieser Branche auszeichnet. Durch modernste Reinigungsmittel wird die Arbeit professionell durchgef\u00fchrt. Auch Sonderw\u00fcnsche werden bei uns durchgef\u00fchrt.<\/p><p>Durch hoch professionelle Arbeitsweise bereiten wir Neu-\/Gebrauchtwagen auf. Unsere Leistungen umfassen die Innen- und Au\u00dfenpflege.\u00a0\u00a0\u00a0\u00a0\u00a0\u00a0\u00a0\u00a0\u00a0\u00a0\u00a0\u00a0\u00a0\u00a0\u00a0\u00a0\u00a0\u00a0\u00a0\u00a0\u00a0\u00a0\u00a0\u00a0\u00a0\u00a0\u00a0\u00a0\u00a0\u00a0\u00a0\u00a0\u00a0\u00a0\u00a0\u00a0\u00a0\u00a0\u00a0\u00a0\u00a0\u00a0\u00a0\u00a0\u00a0\u00a0\u00a0\u00a0\u00a0<\/p><p>Auf Wunsch weiten wir uns Leistunspektrum f\u00fcr sie gerne aus\u00a0 &gt; Rundumpflege.<\/p>\t\t\t\t\t\t\t\t<\/div>\n\t\t\t\t<\/div>\n\t\t\t\t\t<\/div>\n\t\t<\/div>\n\t\t\t\t\t<\/div>\n\t\t<\/section>\n\t\t\t\t<section class=\"elementor-section elementor-top-section elementor-element elementor-element-19c31a1a elementor-section-boxed elementor-section-height-default elementor-section-height-default\" data-id=\"19c31a1a\" data-element_type=\"section\" data-e-type=\"section\">\n\t\t\t\t\t\t<div class=\"elementor-container elementor-column-gap-wider\">\n\t\t\t\t\t<div class=\"elementor-column elementor-col-50 elementor-top-column elementor-element elementor-element-45acf89\" data-id=\"45acf89\" data-element_type=\"column\" data-e-type=\"column\">\n\t\t\t<div class=\"elementor-widget-wrap elementor-element-populated\">\n\t\t\t\t\t\t<div class=\"elementor-element elementor-element-366d0c4e elementor-position-top elementor-invisible elementor-widget elementor-widget-image-box\" data-id=\"366d0c4e\" data-element_type=\"widget\" data-e-type=\"widget\" data-settings=\"{&quot;_animation&quot;:&quot;fadeIn&quot;}\" data-widget_type=\"image-box.default\">\n\t\t\t\t<div class=\"elementor-widget-container\">\n\t\t\t\t\t<div class=\"elementor-image-box-wrapper\"><figure class=\"elementor-image-box-img\"><img fetchpriority=\"high\" decoding=\"async\" width=\"1052\" height=\"592\" src=\"https:\/\/mas-nrw.de\/wp-content\/uploads\/2017\/08\/WhatsApp-Image-2017-08-06-at-12.52.20.jpeg\" class=\"elementor-animation-grow attachment-full size-full wp-image-97\" alt=\"\" srcset=\"https:\/\/mas-nrw.de\/wp-content\/uploads\/2017\/08\/WhatsApp-Image-2017-08-06-at-12.52.20.jpeg 1052w, https:\/\/mas-nrw.de\/wp-content\/uploads\/2017\/08\/WhatsApp-Image-2017-08-06-at-12.52.20-300x169.jpeg 300w, https:\/\/mas-nrw.de\/wp-content\/uploads\/2017\/08\/WhatsApp-Image-2017-08-06-at-12.52.20-768x432.jpeg 768w, https:\/\/mas-nrw.de\/wp-content\/uploads\/2017\/08\/WhatsApp-Image-2017-08-06-at-12.52.20-1024x576.jpeg 1024w\" sizes=\"(max-width: 1052px) 100vw, 1052px\" \/><\/figure><div class=\"elementor-image-box-content\"><h3 class=\"elementor-image-box-title\">Neu- und Gebrauchtwagen<\/h3><\/div><\/div>\t\t\t\t<\/div>\n\t\t\t\t<\/div>\n\t\t\t\t\t<\/div>\n\t\t<\/div>\n\t\t\t\t<div class=\"elementor-column elementor-col-50 elementor-top-column elementor-element elementor-element-71c1ea8f\" data-id=\"71c1ea8f\" data-element_type=\"column\" data-e-type=\"column\">\n\t\t\t<div class=\"elementor-widget-wrap elementor-element-populated\">\n\t\t\t\t\t\t<div class=\"elementor-element elementor-element-2ee10567 elementor-position-top elementor-invisible elementor-widget elementor-widget-image-box\" data-id=\"2ee10567\" data-element_type=\"widget\" data-e-type=\"widget\" data-settings=\"{&quot;_animation&quot;:&quot;fadeIn&quot;}\" data-widget_type=\"image-box.default\">\n\t\t\t\t<div class=\"elementor-widget-container\">\n\t\t\t\t\t<div class=\"elementor-image-box-wrapper\"><figure class=\"elementor-image-box-img\"><img decoding=\"async\" width=\"1243\" height=\"699\" src=\"https:\/\/mas-nrw.de\/wp-content\/uploads\/2018\/05\/Bilder-KFZ-Aufbereitung_Zeichenfl\u00e4che-1-Kopie-3.jpg\" class=\"elementor-animation-grow attachment-full size-full wp-image-233\" alt=\"\" srcset=\"https:\/\/mas-nrw.de\/wp-content\/uploads\/2018\/05\/Bilder-KFZ-Aufbereitung_Zeichenfl\u00e4che-1-Kopie-3.jpg 1243w, https:\/\/mas-nrw.de\/wp-content\/uploads\/2018\/05\/Bilder-KFZ-Aufbereitung_Zeichenfl\u00e4che-1-Kopie-3-300x169.jpg 300w, https:\/\/mas-nrw.de\/wp-content\/uploads\/2018\/05\/Bilder-KFZ-Aufbereitung_Zeichenfl\u00e4che-1-Kopie-3-768x432.jpg 768w, https:\/\/mas-nrw.de\/wp-content\/uploads\/2018\/05\/Bilder-KFZ-Aufbereitung_Zeichenfl\u00e4che-1-Kopie-3-1024x576.jpg 1024w\" sizes=\"(max-width: 1243px) 100vw, 1243px\" \/><\/figure><div class=\"elementor-image-box-content\"><h3 class=\"elementor-image-box-title\">Z\u00fcge &amp; Stra\u00dfenbahnen<\/h3><\/div><\/div>\t\t\t\t<\/div>\n\t\t\t\t<\/div>\n\t\t\t\t\t<\/div>\n\t\t<\/div>\n\t\t\t\t\t<\/div>\n\t\t<\/section>\n\t\t\t\t<section class=\"elementor-section elementor-top-section elementor-element elementor-element-5a079f8 elementor-section-boxed elementor-section-height-default elementor-section-height-default\" data-id=\"5a079f8\" data-element_type=\"section\" data-e-type=\"section\">\n\t\t\t\t\t\t<div class=\"elementor-container elementor-column-gap-wider\">\n\t\t\t\t\t<div class=\"elementor-column elementor-col-50 elementor-top-column elementor-element elementor-element-61f4209\" data-id=\"61f4209\" data-element_type=\"column\" data-e-type=\"column\">\n\t\t\t<div class=\"elementor-widget-wrap elementor-element-populated\">\n\t\t\t\t\t\t<div class=\"elementor-element elementor-element-441be52 elementor-position-top elementor-invisible elementor-widget elementor-widget-image-box\" data-id=\"441be52\" data-element_type=\"widget\" data-e-type=\"widget\" data-settings=\"{&quot;_animation&quot;:&quot;fadeIn&quot;}\" data-widget_type=\"image-box.default\">\n\t\t\t\t<div class=\"elementor-widget-container\">\n\t\t\t\t\t<div class=\"elementor-image-box-wrapper\"><figure class=\"elementor-image-box-img\"><img decoding=\"async\" width=\"1243\" height=\"699\" src=\"https:\/\/mas-nrw.de\/wp-content\/uploads\/2018\/05\/Bilder-KFZ-Aufbereitung_Zeichenfl\u00e4che-1-Kopie-2.jpg\" class=\"elementor-animation-grow attachment-full size-full wp-image-232\" alt=\"\" srcset=\"https:\/\/mas-nrw.de\/wp-content\/uploads\/2018\/05\/Bilder-KFZ-Aufbereitung_Zeichenfl\u00e4che-1-Kopie-2.jpg 1243w, https:\/\/mas-nrw.de\/wp-content\/uploads\/2018\/05\/Bilder-KFZ-Aufbereitung_Zeichenfl\u00e4che-1-Kopie-2-300x169.jpg 300w, https:\/\/mas-nrw.de\/wp-content\/uploads\/2018\/05\/Bilder-KFZ-Aufbereitung_Zeichenfl\u00e4che-1-Kopie-2-768x432.jpg 768w, https:\/\/mas-nrw.de\/wp-content\/uploads\/2018\/05\/Bilder-KFZ-Aufbereitung_Zeichenfl\u00e4che-1-Kopie-2-1024x576.jpg 1024w\" sizes=\"(max-width: 1243px) 100vw, 1243px\" \/><\/figure><div class=\"elementor-image-box-content\"><h3 class=\"elementor-image-box-title\">Yachten &amp; Boote<\/h3><\/div><\/div>\t\t\t\t<\/div>\n\t\t\t\t<\/div>\n\t\t\t\t\t<\/div>\n\t\t<\/div>\n\t\t\t\t<div class=\"elementor-column elementor-col-50 elementor-top-column elementor-element elementor-element-ad71ca5\" data-id=\"ad71ca5\" data-element_type=\"column\" data-e-type=\"column\">\n\t\t\t<div class=\"elementor-widget-wrap elementor-element-populated\">\n\t\t\t\t\t\t<div class=\"elementor-element elementor-element-b192e21 elementor-position-top elementor-invisible elementor-widget elementor-widget-image-box\" data-id=\"b192e21\" data-element_type=\"widget\" data-e-type=\"widget\" data-settings=\"{&quot;_animation&quot;:&quot;fadeIn&quot;}\" data-widget_type=\"image-box.default\">\n\t\t\t\t<div class=\"elementor-widget-container\">\n\t\t\t\t\t<div class=\"elementor-image-box-wrapper\"><figure class=\"elementor-image-box-img\"><img loading=\"lazy\" decoding=\"async\" width=\"4208\" height=\"2368\" src=\"https:\/\/mas-nrw.de\/wp-content\/uploads\/2017\/08\/IMAG1651.jpg\" class=\"elementor-animation-grow attachment-full size-full wp-image-171\" alt=\"\" srcset=\"https:\/\/mas-nrw.de\/wp-content\/uploads\/2017\/08\/IMAG1651.jpg 4208w, https:\/\/mas-nrw.de\/wp-content\/uploads\/2017\/08\/IMAG1651-300x169.jpg 300w, https:\/\/mas-nrw.de\/wp-content\/uploads\/2017\/08\/IMAG1651-768x432.jpg 768w, https:\/\/mas-nrw.de\/wp-content\/uploads\/2017\/08\/IMAG1651-1024x576.jpg 1024w\" sizes=\"(max-width: 4208px) 100vw, 4208px\" \/><\/figure><div class=\"elementor-image-box-content\"><h3 class=\"elementor-image-box-title\">Wohnwagen<\/h3><\/div><\/div>\t\t\t\t<\/div>\n\t\t\t\t<\/div>\n\t\t\t\t\t<\/div>\n\t\t<\/div>\n\t\t\t\t\t<\/div>\n\t\t<\/section>\n\t\t\t\t<section class=\"elementor-section elementor-top-section elementor-element elementor-element-3b54224c elementor-section-boxed elementor-section-height-default elementor-section-height-default\" data-id=\"3b54224c\" data-element_type=\"section\" data-e-type=\"section\">\n\t\t\t\t\t\t<div class=\"elementor-container elementor-column-gap-wider\">\n\t\t\t\t\t<div class=\"elementor-column elementor-col-100 elementor-top-column elementor-element elementor-element-ddec004\" data-id=\"ddec004\" data-element_type=\"column\" data-e-type=\"column\">\n\t\t\t<div class=\"elementor-widget-wrap elementor-element-populated\">\n\t\t\t\t\t\t<div class=\"elementor-element elementor-element-40d5d1cd elementor-widget elementor-widget-testimonial\" data-id=\"40d5d1cd\" data-element_type=\"widget\" data-e-type=\"widget\" data-widget_type=\"testimonial.default\">\n\t\t\t\t<div class=\"elementor-widget-container\">\n\t\t\t\t\t\t\t<div class=\"elementor-testimonial-wrapper\">\n\t\t\t\t\t\t\t<div class=\"elementor-testimonial-content\">\"Autos sind nicht nur da, um uns von A nach B zu bringen. Ein Auto ist nicht nur ein Auto, es ist viel mehr als Das.                  Wir identifizieren uns mit dem eigenen Auto. Allein aus diesem Grund bedarf es einer besseren und st\u00e4ndigen Pflege, damit ist nicht das Herz und die Niere, sondern viel mehr die Haut -  das Optische gemeint. Sieht unser Auto von innen und Au\u00dfen sauber und gepflegt aus, so erh\u00f6ht sich unser Wohlf\u00fchlempfinden.\"<\/div>\n\t\t\t\n\t\t\t\t\t\t<div class=\"elementor-testimonial-meta elementor-has-image elementor-testimonial-image-position-aside\">\n\t\t\t\t<div class=\"elementor-testimonial-meta-inner\">\n\t\t\t\t\t\t\t\t\t\t\t<div class=\"elementor-testimonial-image\">\n\t\t\t\t\t\t\t<img decoding=\"async\" src=\"https:\/\/mas-nrw.de\/wp-content\/uploads\/2018\/10\/MAS_LOGO.jpg\" title=\"\" alt=\"\" loading=\"lazy\" \/>\t\t\t\t\t\t<\/div>\n\t\t\t\t\t\n\t\t\t\t\t\t\t\t\t\t<div class=\"elementor-testimonial-details\">\n\t\t\t\t\t\t\t\t\t\t\t\t\t\t<div class=\"elementor-testimonial-name\">Muhammed Sari<\/div>\n\t\t\t\t\t\t\t\t\t\t\t\t\t\t\t\t\t\t\t\t\t\t<div class=\"elementor-testimonial-job\">Gesch\u00e4ftsf\u00fchrer Automobilaufbereitung<\/div>\n\t\t\t\t\t\t\t\t\t\t\t\t\t<\/div>\n\t\t\t\t\t\t\t\t\t<\/div>\n\t\t\t<\/div>\n\t\t\t\t\t<\/div>\n\t\t\t\t\t\t<\/div>\n\t\t\t\t<\/div>\n\t\t\t\t\t<\/div>\n\t\t<\/div>\n\t\t\t\t\t<\/div>\n\t\t<\/section>\n\t\t\t\t<section class=\"elementor-section elementor-top-section elementor-element elementor-element-6b8ce53 elementor-section-height-min-height elementor-section-content-middle elementor-section-stretched elementor-section-boxed elementor-section-height-default elementor-section-items-middle\" data-id=\"6b8ce53\" data-element_type=\"section\" data-e-type=\"section\" data-settings=\"{&quot;background_background&quot;:&quot;classic&quot;,&quot;stretch_section&quot;:&quot;section-stretched&quot;}\">\n\t\t\t\t\t\t<div class=\"elementor-container elementor-column-gap-default\">\n\t\t\t\t\t<div class=\"elementor-column elementor-col-50 elementor-top-column elementor-element elementor-element-2ae1f9b4\" data-id=\"2ae1f9b4\" data-element_type=\"column\" data-e-type=\"column\">\n\t\t\t<div class=\"elementor-widget-wrap elementor-element-populated\">\n\t\t\t\t\t\t<div class=\"elementor-element elementor-element-74b7babd elementor-widget elementor-widget-heading\" data-id=\"74b7babd\" data-element_type=\"widget\" data-e-type=\"widget\" data-widget_type=\"heading.default\">\n\t\t\t\t<div class=\"elementor-widget-container\">\n\t\t\t\t\t<h3 class=\"elementor-heading-title elementor-size-large\">Lernen sie uns kennen<\/h3>\t\t\t\t<\/div>\n\t\t\t\t<\/div>\n\t\t\t\t\t<\/div>\n\t\t<\/div>\n\t\t\t\t<div class=\"elementor-column elementor-col-50 elementor-top-column elementor-element elementor-element-64454910\" data-id=\"64454910\" data-element_type=\"column\" data-e-type=\"column\">\n\t\t\t<div class=\"elementor-widget-wrap elementor-element-populated\">\n\t\t\t\t\t\t<div class=\"elementor-element elementor-element-37ae0a0 elementor-align-center elementor-widget elementor-widget-button\" data-id=\"37ae0a0\" data-element_type=\"widget\" data-e-type=\"widget\" data-widget_type=\"button.default\">\n\t\t\t\t<div class=\"elementor-widget-container\">\n\t\t\t\t\t\t\t\t\t<div class=\"elementor-button-wrapper\">\n\t\t\t\t\t<a class=\"elementor-button elementor-button-link elementor-size-lg\" href=\"https:\/\/mas-nrw.de\/index.php\/kontakt\/\">\n\t\t\t\t\t\t<span class=\"elementor-button-content-wrapper\">\n\t\t\t\t\t\t\t\t\t<span class=\"elementor-button-text\">Angebot einholen<\/span>\n\t\t\t\t\t<\/span>\n\t\t\t\t\t<\/a>\n\t\t\t\t<\/div>\n\t\t\t\t\t\t\t\t<\/div>\n\t\t\t\t<\/div>\n\t\t\t\t\t<\/div>\n\t\t<\/div>\n\t\t\t\t\t<\/div>\n\t\t<\/section>\n\t\t\t\t<section class=\"elementor-section elementor-top-section elementor-element elementor-element-b419564 elementor-section-stretched elementor-section-content-middle elementor-section-boxed elementor-section-height-default elementor-section-height-default\" data-id=\"b419564\" data-element_type=\"section\" data-e-type=\"section\" data-settings=\"{&quot;stretch_section&quot;:&quot;section-stretched&quot;,&quot;background_background&quot;:&quot;classic&quot;}\">\n\t\t\t\t\t\t<div class=\"elementor-container elementor-column-gap-default\">\n\t\t\t\t\t<div class=\"elementor-column elementor-col-50 elementor-top-column elementor-element elementor-element-f1900f2\" data-id=\"f1900f2\" data-element_type=\"column\" data-e-type=\"column\">\n\t\t\t<div class=\"elementor-widget-wrap\">\n\t\t\t\t\t\t\t<\/div>\n\t\t<\/div>\n\t\t\t\t<div class=\"elementor-column elementor-col-50 elementor-top-column elementor-element elementor-element-9849da9\" data-id=\"9849da9\" data-element_type=\"column\" data-e-type=\"column\">\n\t\t\t<div class=\"elementor-widget-wrap elementor-element-populated\">\n\t\t\t\t\t\t<div class=\"elementor-element elementor-element-a1cb07a elementor-align-center elementor-widget elementor-widget-button\" data-id=\"a1cb07a\" data-element_type=\"widget\" data-e-type=\"widget\" data-widget_type=\"button.default\">\n\t\t\t\t<div class=\"elementor-widget-container\">\n\t\t\t\t\t\t\t\t\t<div class=\"elementor-button-wrapper\">\n\t\t\t\t\t<a class=\"elementor-button elementor-button-link elementor-size-md\" href=\"https:\/\/mas-nrw.de\/index.php\/news\/\">\n\t\t\t\t\t\t<span class=\"elementor-button-content-wrapper\">\n\t\t\t\t\t\t\t\t\t<span class=\"elementor-button-text\">    N  E  W  S <\/span>\n\t\t\t\t\t<\/span>\n\t\t\t\t\t<\/a>\n\t\t\t\t<\/div>\n\t\t\t\t\t\t\t\t<\/div>\n\t\t\t\t<\/div>\n\t\t\t\t\t<\/div>\n\t\t<\/div>\n\t\t\t\t\t<\/div>\n\t\t<\/section>\n\t\t\t\t<section class=\"elementor-section elementor-top-section elementor-element elementor-element-40461c3c elementor-section-boxed elementor-section-height-default elementor-section-height-default\" data-id=\"40461c3c\" data-element_type=\"section\" data-e-type=\"section\">\n\t\t\t\t\t\t<div class=\"elementor-container elementor-column-gap-default\">\n\t\t\t\t\t<div class=\"elementor-column elementor-col-100 elementor-top-column elementor-element elementor-element-1bcdcf32\" data-id=\"1bcdcf32\" data-element_type=\"column\" data-e-type=\"column\">\n\t\t\t<div class=\"elementor-widget-wrap elementor-element-populated\">\n\t\t\t\t\t\t<div class=\"elementor-element elementor-element-6c160eaf elementor-widget elementor-widget-text-editor\" data-id=\"6c160eaf\" data-element_type=\"widget\" data-e-type=\"widget\" data-widget_type=\"text-editor.default\">\n\t\t\t\t<div class=\"elementor-widget-container\">\n\t\t\t\t\t\t\t\t\t<p>Images: <a href=\"http:\/\/www.wocintechchat.com\">MAS Dienstleistungen<\/a><\/p>\t\t\t\t\t\t\t\t<\/div>\n\t\t\t\t<\/div>\n\t\t\t\t\t<\/div>\n\t\t<\/div>\n\t\t\t\t\t<\/div>\n\t\t<\/section>\n\t\t\t\t<\/div>\n\t\t","protected":false},"excerpt":{"rendered":"<p>Automobilaufbereitung Bei MAS erwartet sie eine umfangreiche und kompetente Beratung und Unterst\u00fctzung zur Behebung ihres Anliegens, egal ob Klein oder Gro\u00df.Durch hohe Flexibilit\u00e4t sind wir immer in der Lage jeden unserer Kunden jederzeit und \u00fcberall mit unser Leistungssprektrum zu helfen. Eine Grundhaltung, die uns in dieser Branche auszeichnet. Durch modernste Reinigungsmittel wird die Arbeit professionell [&hellip;]<\/p>\n","protected":false},"author":1,"featured_media":0,"parent":0,"menu_order":0,"comment_status":"closed","ping_status":"closed","template":"","meta":{"ocean_post_layout":"","ocean_both_sidebars_style":"","ocean_both_sidebars_content_width":0,"ocean_both_sidebars_sidebars_width":0,"ocean_sidebar":"0","ocean_second_sidebar":"0","ocean_disable_margins":"enable","ocean_add_body_class":"","ocean_shortcode_before_top_bar":"","ocean_shortcode_after_top_bar":"","ocean_shortcode_before_header":"","ocean_shortcode_after_header":"","ocean_has_shortcode":"","ocean_shortcode_after_title":"","ocean_shortcode_before_footer_widgets":"","ocean_shortcode_after_footer_widgets":"","ocean_shortcode_before_footer_bottom":"","ocean_shortcode_after_footer_bottom":"","ocean_display_top_bar":"default","ocean_display_header":"default","ocean_header_style":"","ocean_center_header_left_menu":"0","ocean_custom_header_template":"0","ocean_custom_logo":0,"ocean_custom_retina_logo":0,"ocean_custom_logo_max_width":0,"ocean_custom_logo_tablet_max_width":0,"ocean_custom_logo_mobile_max_width":0,"ocean_custom_logo_max_height":0,"ocean_custom_logo_tablet_max_height":0,"ocean_custom_logo_mobile_max_height":0,"ocean_header_custom_menu":"0","ocean_menu_typo_font_family":"0","ocean_menu_typo_font_subset":"","ocean_menu_typo_font_size":0,"ocean_menu_typo_font_size_tablet":0,"ocean_menu_typo_font_size_mobile":0,"ocean_menu_typo_font_size_unit":"px","ocean_menu_typo_font_weight":"","ocean_menu_typo_font_weight_tablet":"","ocean_menu_typo_font_weight_mobile":"","ocean_menu_typo_transform":"","ocean_menu_typo_transform_tablet":"","ocean_menu_typo_transform_mobile":"","ocean_menu_typo_line_height":0,"ocean_menu_typo_line_height_tablet":0,"ocean_menu_typo_line_height_mobile":0,"ocean_menu_typo_line_height_unit":"","ocean_menu_typo_spacing":0,"ocean_menu_typo_spacing_tablet":0,"ocean_menu_typo_spacing_mobile":0,"ocean_menu_typo_spacing_unit":"","ocean_menu_link_color":"","ocean_menu_link_color_hover":"","ocean_menu_link_color_active":"","ocean_menu_link_background":"","ocean_menu_link_hover_background":"","ocean_menu_link_active_background":"","ocean_menu_social_links_bg":"","ocean_menu_social_hover_links_bg":"","ocean_menu_social_links_color":"","ocean_menu_social_hover_links_color":"","ocean_disable_title":"on","ocean_disable_heading":"default","ocean_post_title":"","ocean_post_subheading":"","ocean_post_title_style":"","ocean_post_title_background_color":"","ocean_post_title_background":0,"ocean_post_title_bg_image_position":"","ocean_post_title_bg_image_attachment":"","ocean_post_title_bg_image_repeat":"","ocean_post_title_bg_image_size":"","ocean_post_title_height":0,"ocean_post_title_bg_overlay":0.5,"ocean_post_title_bg_overlay_color":"","ocean_disable_breadcrumbs":"default","ocean_breadcrumbs_color":"","ocean_breadcrumbs_separator_color":"","ocean_breadcrumbs_links_color":"","ocean_breadcrumbs_links_hover_color":"","ocean_display_footer_widgets":"default","ocean_display_footer_bottom":"default","ocean_custom_footer_template":"0","footnotes":""},"class_list":["post-226","page","type-page","status-publish","hentry","entry"],"_links":{"self":[{"href":"https:\/\/mas-nrw.de\/index.php\/wp-json\/wp\/v2\/pages\/226","targetHints":{"allow":["GET"]}}],"collection":[{"href":"https:\/\/mas-nrw.de\/index.php\/wp-json\/wp\/v2\/pages"}],"about":[{"href":"https:\/\/mas-nrw.de\/index.php\/wp-json\/wp\/v2\/types\/page"}],"author":[{"embeddable":true,"href":"https:\/\/mas-nrw.de\/index.php\/wp-json\/wp\/v2\/users\/1"}],"replies":[{"embeddable":true,"href":"https:\/\/mas-nrw.de\/index.php\/wp-json\/wp\/v2\/comments?post=226"}],"version-history":[{"count":0,"href":"https:\/\/mas-nrw.de\/index.php\/wp-json\/wp\/v2\/pages\/226\/revisions"}],"wp:attachment":[{"href":"https:\/\/mas-nrw.de\/index.php\/wp-json\/wp\/v2\/media?parent=226"}],"curies":[{"name":"wp","href":"https:\/\/api.w.org\/{rel}","templated":true}]}}